{"id":35,"date":"2017-07-22T00:25:15","date_gmt":"2017-07-21T21:25:15","guid":{"rendered":"https:\/\/fmmobilyatasarim.com\/?page_id=35"},"modified":"2021-12-13T00:16:45","modified_gmt":"2021-12-12T21:16:45","slug":"anasayfa","status":"publish","type":"page","link":"https:\/\/fmmobilyatasarim.com\/","title":{"rendered":"Ana Sayfa"},"content":{"rendered":"<h1 style=\"text-align: center;\">FM MOB\u0130LYA<\/h1>\n<h3 style=\"text-align: center;\">\u015eIK VE S\u0130ZE \u00d6ZEL TASARIMLAR \u0130\u00c7\u0130N<br \/>DO\u011eRU YERDES\u0130N\u0130Z<\/h3>\n<p style=\"text-align: center;\">[wds id=&#8221;1&#8243;]<\/p>\n<p>\u00a0<\/p>\n<section id=\"one\" class=\"wrapper style1\">\n<div class=\"container 70%\">\n<div class=\"row 175%\">\n<div class=\"6u 12u$(medium)\">\u00a0<\/div>\n<div class=\"6u$ 12u$(medium)\">\n<h2 style=\"text-align: center;\">EV\u0130N\u0130ZE KEY\u0130F KATMAK \u0130\u00c7\u0130N \u00c7ALI\u015eIYORUZ!<\/h2>\n<p style=\"text-align: center;\">Tasar\u0131mc\u0131m\u0131z Fahri MUTLU taraf\u0131ndan \u00f6zenle se\u00e7ilen koleksiyonlar\u0131m\u0131z ile ya\u015fam alan\u0131n\u0131z\u0131 daha g\u00fczel ve modern bir hale getirebilirsiniz. Mobilya ve Dekorasyon \u00fcr\u00fcnleri direkt olarak istedi\u011finiz gibi \u00fcretilerek size en uygun fiyatlarla sunulmaktad\u0131r. Y\u0131llar\u0131n tecr\u00fcbesi ve kalitenin verdi\u011fi g\u00fcven ile sizlerde mutlu olacaks\u0131n\u0131z.<\/p>\n<\/div>\n<\/div>\n<\/div>\n<\/section>\n<section id=\"three\" class=\"wrapper style1\">\n<div class=\"container\">\u00a0<\/div>\n<div class=\"container\">\u00a0<\/div>\n<\/section>\n\n\n<figure class=\"wp-block-audio\"><audio controls src=\"https:\/\/fmmobilyatasarim.com\/wp-content\/uploads\/2017\/07\/Chi-Mai-Ennio-Morricone-The-Professional.mp3\" autoplay loop><\/audio><\/figure>\n","protected":false},"excerpt":{"rendered":"<p>FM MOB\u0130LYA \u015eIK VE S\u0130ZE \u00d6ZEL TASARIMLAR \u0130\u00c7\u0130NDO\u011eRU YERDES\u0130N\u0130Z [wds id=&#8221;1&#8243;] \u00a0 \u00a0 EV\u0130N\u0130ZE KEY\u0130F KATMAK \u0130\u00c7\u0130N \u00c7ALI\u015eIYORUZ! Tasar\u0131mc\u0131m\u0131z Fahri MUTLU taraf\u0131ndan \u00f6zenle se\u00e7ilen koleksiyonlar\u0131m\u0131z ile ya\u015fam alan\u0131n\u0131z\u0131 daha g\u00fczel &#8230;<\/p>\n","protected":false},"author":1,"featured_media":0,"parent":0,"menu_order":0,"comment_status":"closed","ping_status":"closed","template":"template-frontpage.php","meta":{"footnotes":""},"class_list":["post-35","page","type-page","status-publish","hentry"],"_links":{"self":[{"href":"https:\/\/fmmobilyatasarim.com\/index.php?rest_route=\/wp\/v2\/pages\/35","targetHints":{"allow":["GET"]}}],"collection":[{"href":"https:\/\/fmmobilyatasarim.com\/index.php?rest_route=\/wp\/v2\/pages"}],"about":[{"href":"https:\/\/fmmobilyatasarim.com\/index.php?rest_route=\/wp\/v2\/types\/page"}],"author":[{"embeddable":true,"href":"https:\/\/fmmobilyatasarim.com\/index.php?rest_route=\/wp\/v2\/users\/1"}],"replies":[{"embeddable":true,"href":"https:\/\/fmmobilyatasarim.com\/index.php?rest_route=%2Fwp%2Fv2%2Fcomments&post=35"}],"version-history":[{"count":12,"href":"https:\/\/fmmobilyatasarim.com\/index.php?rest_route=\/wp\/v2\/pages\/35\/revisions"}],"predecessor-version":[{"id":575,"href":"https:\/\/fmmobilyatasarim.com\/index.php?rest_route=\/wp\/v2\/pages\/35\/revisions\/575"}],"wp:attachment":[{"href":"https:\/\/fmmobilyatasarim.com\/index.php?rest_route=%2Fwp%2Fv2%2Fmedia&parent=35"}],"curies":[{"name":"wp","href":"https:\/\/api.w.org\/{rel}","templated":true}]}}